{"id":288,"date":"2021-08-13T19:06:42","date_gmt":"2021-08-13T19:06:42","guid":{"rendered":"https:\/\/www.grupoequipe.com.br\/blog\/?page_id=288"},"modified":"2023-02-03T19:25:12","modified_gmt":"2023-02-03T19:25:12","slug":"blog","status":"publish","type":"page","link":"https:\/\/www.grupoequipe.com.br\/blog\/","title":{"rendered":"Blog"},"content":{"rendered":"\t\t<div data-elementor-type=\"wp-page\" data-elementor-id=\"288\" class=\"elementor elementor-288\">\n\t\t\t\t\t\t<section class=\"elementor-section elementor-top-section elementor-element elementor-element-2113985 elementor-section-boxed elementor-section-height-default elementor-section-height-default\" data-id=\"2113985\" data-element_type=\"section\" data-e-type=\"section\">\n\t\t\t\t\t\t<div class=\"elementor-container elementor-column-gap-default\">\n\t\t\t\t\t<div class=\"elementor-column elementor-col-100 elementor-top-column elementor-element elementor-element-49ac8aa\" data-id=\"49ac8aa\" data-element_type=\"column\" data-e-type=\"column\">\n\t\t\t<div class=\"elementor-widget-wrap elementor-element-populated\">\n\t\t\t\t\t\t<div class=\"elementor-element elementor-element-a935c11 elementor-widget elementor-widget-heading\" data-id=\"a935c11\" data-element_type=\"widget\" data-e-type=\"widget\" data-widget_type=\"heading.default\">\n\t\t\t\t<div class=\"elementor-widget-container\">\n\t\t\t\t\t<h2 class=\"elementor-heading-title elementor-size-default\">BLOG GRUPO EQUIPE<\/h2>\t\t\t\t<\/div>\n\t\t\t\t<\/div>\n\t\t\t\t<div class=\"elementor-element elementor-element-06cf5cd elementor-grid-3 elementor-grid-tablet-2 elementor-grid-mobile-1 elementor-posts--thumbnail-top elementor-card-shadow-yes elementor-posts__hover-gradient elementor-widget elementor-widget-posts\" data-id=\"06cf5cd\" data-element_type=\"widget\" data-e-type=\"widget\" data-settings=\"{&quot;pagination_type&quot;:&quot;numbers&quot;,&quot;cards_columns&quot;:&quot;3&quot;,&quot;cards_columns_tablet&quot;:&quot;2&quot;,&quot;cards_columns_mobile&quot;:&quot;1&quot;,&quot;cards_row_gap&quot;:{&quot;unit&quot;:&quot;px&quot;,&quot;size&quot;:35,&quot;sizes&quot;:[]},&quot;cards_row_gap_tablet&quot;:{&quot;unit&quot;:&quot;px&quot;,&quot;size&quot;:&quot;&quot;,&quot;sizes&quot;:[]},&quot;cards_row_gap_mobile&quot;:{&quot;unit&quot;:&quot;px&quot;,&quot;size&quot;:&quot;&quot;,&quot;sizes&quot;:[]}}\" data-widget_type=\"posts.cards\">\n\t\t\t\t<div class=\"elementor-widget-container\">\n\t\t\t\t\t\t\t<div class=\"elementor-posts-container elementor-posts elementor-posts--skin-cards elementor-grid\">\n\t\t\t\t<article class=\"elementor-post elementor-grid-item post-881 post type-post status-publish format-standard has-post-thumbnail hentry category-geral\">\n\t\t\t<div class=\"elementor-post__card\">\n\t\t\t\t<a class=\"elementor-post__thumbnail__link\" href=\"https:\/\/www.grupoequipe.com.br\/blog\/881-2\/\" ><div class=\"elementor-post__thumbnail\"><img fetchpriority=\"high\" decoding=\"async\" width=\"1080\" height=\"1080\" src=\"https:\/\/www.grupoequipe.com.br\/blog\/wp-content\/uploads\/2025\/03\/Post-instagram-dia-internacional-das-mulheres-delicado-rosa-2.png\" class=\"attachment-full size-full wp-image-883\" alt=\"\" srcset=\"https:\/\/www.grupoequipe.com.br\/blog\/wp-content\/uploads\/2025\/03\/Post-instagram-dia-internacional-das-mulheres-delicado-rosa-2.png 1080w, https:\/\/www.grupoequipe.com.br\/blog\/wp-content\/uploads\/2025\/03\/Post-instagram-dia-internacional-das-mulheres-delicado-rosa-2-300x300.png 300w, https:\/\/www.grupoequipe.com.br\/blog\/wp-content\/uploads\/2025\/03\/Post-instagram-dia-internacional-das-mulheres-delicado-rosa-2-1024x1024.png 1024w, https:\/\/www.grupoequipe.com.br\/blog\/wp-content\/uploads\/2025\/03\/Post-instagram-dia-internacional-das-mulheres-delicado-rosa-2-150x150.png 150w, https:\/\/www.grupoequipe.com.br\/blog\/wp-content\/uploads\/2025\/03\/Post-instagram-dia-internacional-das-mulheres-delicado-rosa-2-768x768.png 768w\" sizes=\"(max-width: 1080px) 100vw, 1080px\" \/><\/div><\/a>\n\t\t\t\t<div class=\"elementor-post__badge\">Geral<\/div>\n\t\t\t\t<div class=\"elementor-post__text\">\n\t\t\t\t<h3 class=\"elementor-post__title\">\n\t\t\t<a href=\"https:\/\/www.grupoequipe.com.br\/blog\/881-2\/\" >\n\t\t\t\tCelebrando o Dia Internacional da Mulher: Empoderando Carreiras e Oportunidades\t\t\t<\/a>\n\t\t<\/h3>\n\t\t\t\t<div class=\"elementor-post__excerpt\">\n\t\t\t<p>Celebrando o Dia Internacional da Mulher: Empoderando Carreiras e Oportunidades Hoje, no Dia Internacional da Mulher, queremos celebrar as mulheres incr\u00edveis que est\u00e3o fazendo a<\/p>\n\t\t<\/div>\n\t\t\t\t\t<a class=\"elementor-post__read-more\" href=\"https:\/\/www.grupoequipe.com.br\/blog\/881-2\/\" >\n\t\t\t\tSaiba mais \u00bb\t\t\t<\/a>\n\t\t\t\t<\/div>\n\t\t\t\t<div class=\"elementor-post__meta-data\">\n\t\t\t\t\t<span class=\"elementor-post-date\">\n\t\t\t11 de Mar\u00e7o, 2025\t\t<\/span>\n\t\t\t\t<span class=\"elementor-post-avatar\">\n\t\t\tSem coment\u00e1rios\t\t<\/span>\n\t\t\t\t<\/div>\n\t\t\t\t\t<\/div>\n\t\t<\/article>\n\t\t\t\t<article class=\"elementor-post elementor-grid-item post-876 post type-post status-publish format-standard has-post-thumbnail hentry category-geral\">\n\t\t\t<div class=\"elementor-post__card\">\n\t\t\t\t<a class=\"elementor-post__thumbnail__link\" href=\"https:\/\/www.grupoequipe.com.br\/blog\/o-grupo-equipe-deseja-um-feliz-ano-novo\/\" ><div class=\"elementor-post__thumbnail\"><img decoding=\"async\" width=\"1080\" height=\"1080\" src=\"https:\/\/www.grupoequipe.com.br\/blog\/wp-content\/uploads\/2025\/01\/ano-novo.png\" class=\"attachment-full size-full wp-image-877\" alt=\"Feliz Ano Novo: Novas Oportunidades para Sua Carreira e Empresa 2025 chegou e com ele, novas possibilidades para impulsionar sua carreira ou fortalecer sua equipe. No Grupo Equipe, sabemos que o in\u00edcio de um novo ano \u00e9 o momento perfeito para definir novos objetivos profissionais. Para Candidatos: Atualize seu curr\u00edculo, prepare-se para entrevistas e expanda sua rede de contatos. Estamos aqui para ajudar a conectar voc\u00ea \u00e0s melhores oportunidades. Para Empresas: Comece o ano recrutando os melhores talentos. Defina claramente o perfil de candidato ideal e foque na integra\u00e7\u00e3o para garantir um time de sucesso. Que 2025 seja um ano de grandes conquistas e crescimento. Conte conosco para fazer parte dessa jornada de sucesso! Feliz Ano Novo!\" srcset=\"https:\/\/www.grupoequipe.com.br\/blog\/wp-content\/uploads\/2025\/01\/ano-novo.png 1080w, https:\/\/www.grupoequipe.com.br\/blog\/wp-content\/uploads\/2025\/01\/ano-novo-300x300.png 300w, https:\/\/www.grupoequipe.com.br\/blog\/wp-content\/uploads\/2025\/01\/ano-novo-1024x1024.png 1024w, https:\/\/www.grupoequipe.com.br\/blog\/wp-content\/uploads\/2025\/01\/ano-novo-150x150.png 150w, https:\/\/www.grupoequipe.com.br\/blog\/wp-content\/uploads\/2025\/01\/ano-novo-768x768.png 768w\" sizes=\"(max-width: 1080px) 100vw, 1080px\" \/><\/div><\/a>\n\t\t\t\t<div class=\"elementor-post__badge\">Geral<\/div>\n\t\t\t\t<div class=\"elementor-post__text\">\n\t\t\t\t<h3 class=\"elementor-post__title\">\n\t\t\t<a href=\"https:\/\/www.grupoequipe.com.br\/blog\/o-grupo-equipe-deseja-um-feliz-ano-novo\/\" >\n\t\t\t\tO Grupo Equipe deseja um feliz ano novo!\t\t\t<\/a>\n\t\t<\/h3>\n\t\t\t\t<div class=\"elementor-post__excerpt\">\n\t\t\t\t\t<\/div>\n\t\t\t\t\t<a class=\"elementor-post__read-more\" href=\"https:\/\/www.grupoequipe.com.br\/blog\/o-grupo-equipe-deseja-um-feliz-ano-novo\/\" >\n\t\t\t\tSaiba mais \u00bb\t\t\t<\/a>\n\t\t\t\t<\/div>\n\t\t\t\t<div class=\"elementor-post__meta-data\">\n\t\t\t\t\t<span class=\"elementor-post-date\">\n\t\t\t2 de Janeiro, 2025\t\t<\/span>\n\t\t\t\t<span class=\"elementor-post-avatar\">\n\t\t\tSem coment\u00e1rios\t\t<\/span>\n\t\t\t\t<\/div>\n\t\t\t\t\t<\/div>\n\t\t<\/article>\n\t\t\t\t<article class=\"elementor-post elementor-grid-item post-861 post type-post status-publish format-standard has-post-thumbnail hentry category-geral\">\n\t\t\t<div class=\"elementor-post__card\">\n\t\t\t\t<a class=\"elementor-post__thumbnail__link\" href=\"https:\/\/www.grupoequipe.com.br\/blog\/elementor-861\/\" ><div class=\"elementor-post__thumbnail\"><img decoding=\"async\" width=\"1067\" height=\"670\" src=\"https:\/\/www.grupoequipe.com.br\/blog\/wp-content\/uploads\/2024\/10\/WhatsApp-Image-2024-10-25-at-15.23.42-1.jpeg\" class=\"attachment-full size-full wp-image-868\" alt=\"\" srcset=\"https:\/\/www.grupoequipe.com.br\/blog\/wp-content\/uploads\/2024\/10\/WhatsApp-Image-2024-10-25-at-15.23.42-1.jpeg 1067w, https:\/\/www.grupoequipe.com.br\/blog\/wp-content\/uploads\/2024\/10\/WhatsApp-Image-2024-10-25-at-15.23.42-1-300x188.jpeg 300w, https:\/\/www.grupoequipe.com.br\/blog\/wp-content\/uploads\/2024\/10\/WhatsApp-Image-2024-10-25-at-15.23.42-1-1024x643.jpeg 1024w, https:\/\/www.grupoequipe.com.br\/blog\/wp-content\/uploads\/2024\/10\/WhatsApp-Image-2024-10-25-at-15.23.42-1-768x482.jpeg 768w\" sizes=\"(max-width: 1067px) 100vw, 1067px\" \/><\/div><\/a>\n\t\t\t\t<div class=\"elementor-post__badge\">Geral<\/div>\n\t\t\t\t<div class=\"elementor-post__text\">\n\t\t\t\t<h3 class=\"elementor-post__title\">\n\t\t\t<a href=\"https:\/\/www.grupoequipe.com.br\/blog\/elementor-861\/\" >\n\t\t\t\tOutubro Rosa: A Import\u00e2ncia da Preven\u00e7\u00e3o e do Bem-Estar para Profissionais no Ambiente de Trabalho\t\t\t<\/a>\n\t\t<\/h3>\n\t\t\t\t<div class=\"elementor-post__excerpt\">\n\t\t\t<p>&nbsp; &nbsp;<\/p>\n\t\t<\/div>\n\t\t\t\t\t<a class=\"elementor-post__read-more\" href=\"https:\/\/www.grupoequipe.com.br\/blog\/elementor-861\/\" >\n\t\t\t\tSaiba mais \u00bb\t\t\t<\/a>\n\t\t\t\t<\/div>\n\t\t\t\t<div class=\"elementor-post__meta-data\">\n\t\t\t\t\t<span class=\"elementor-post-date\">\n\t\t\t25 de Outubro, 2024\t\t<\/span>\n\t\t\t\t<span class=\"elementor-post-avatar\">\n\t\t\tSem coment\u00e1rios\t\t<\/span>\n\t\t\t\t<\/div>\n\t\t\t\t\t<\/div>\n\t\t<\/article>\n\t\t\t\t<article class=\"elementor-post elementor-grid-item post-847 post type-post status-publish format-standard has-post-thumbnail hentry category-geral\">\n\t\t\t<div class=\"elementor-post__card\">\n\t\t\t\t<a class=\"elementor-post__thumbnail__link\" href=\"https:\/\/www.grupoequipe.com.br\/blog\/como-criar-um-curriculo-de-sucesso-dicas-para-conquistar-a-vaga-ideal\/\" ><div class=\"elementor-post__thumbnail\"><img loading=\"lazy\" decoding=\"async\" width=\"353\" height=\"233\" src=\"https:\/\/www.grupoequipe.com.br\/blog\/wp-content\/uploads\/2024\/09\/Dicas-essenciais-para-empresas-2.png\" class=\"attachment-full size-full wp-image-841\" alt=\"\" srcset=\"https:\/\/www.grupoequipe.com.br\/blog\/wp-content\/uploads\/2024\/09\/Dicas-essenciais-para-empresas-2.png 353w, https:\/\/www.grupoequipe.com.br\/blog\/wp-content\/uploads\/2024\/09\/Dicas-essenciais-para-empresas-2-300x198.png 300w\" sizes=\"(max-width: 353px) 100vw, 353px\" \/><\/div><\/a>\n\t\t\t\t<div class=\"elementor-post__badge\">Geral<\/div>\n\t\t\t\t<div class=\"elementor-post__text\">\n\t\t\t\t<h3 class=\"elementor-post__title\">\n\t\t\t<a href=\"https:\/\/www.grupoequipe.com.br\/blog\/como-criar-um-curriculo-de-sucesso-dicas-para-conquistar-a-vaga-ideal\/\" >\n\t\t\t\tComo Criar um Curr\u00edculo de Sucesso: Dicas para Conquistar a Vaga Ideal\t\t\t<\/a>\n\t\t<\/h3>\n\t\t\t\t<div class=\"elementor-post__excerpt\">\n\t\t\t<p>&nbsp; No competitivo mercado de trabalho atual, um curr\u00edculo bem elaborado pode ser o diferencial que voc\u00ea precisa para se destacar entre os candidatos. No<\/p>\n\t\t<\/div>\n\t\t\t\t\t<a class=\"elementor-post__read-more\" href=\"https:\/\/www.grupoequipe.com.br\/blog\/como-criar-um-curriculo-de-sucesso-dicas-para-conquistar-a-vaga-ideal\/\" >\n\t\t\t\tSaiba mais \u00bb\t\t\t<\/a>\n\t\t\t\t<\/div>\n\t\t\t\t<div class=\"elementor-post__meta-data\">\n\t\t\t\t\t<span class=\"elementor-post-date\">\n\t\t\t10 de Setembro, 2024\t\t<\/span>\n\t\t\t\t<span class=\"elementor-post-avatar\">\n\t\t\t1 coment\u00e1rio\t\t<\/span>\n\t\t\t\t<\/div>\n\t\t\t\t\t<\/div>\n\t\t<\/article>\n\t\t\t\t<article class=\"elementor-post elementor-grid-item post-828 post type-post status-publish format-standard has-post-thumbnail hentry category-geral\">\n\t\t\t<div class=\"elementor-post__card\">\n\t\t\t\t<a class=\"elementor-post__thumbnail__link\" href=\"https:\/\/www.grupoequipe.com.br\/blog\/828-2\/\" ><div class=\"elementor-post__thumbnail\"><img loading=\"lazy\" decoding=\"async\" width=\"353\" height=\"233\" src=\"https:\/\/www.grupoequipe.com.br\/blog\/wp-content\/uploads\/2024\/09\/Dicas-essenciais-para-empresas-1.png\" class=\"attachment-full size-full wp-image-837\" alt=\"\" srcset=\"https:\/\/www.grupoequipe.com.br\/blog\/wp-content\/uploads\/2024\/09\/Dicas-essenciais-para-empresas-1.png 353w, https:\/\/www.grupoequipe.com.br\/blog\/wp-content\/uploads\/2024\/09\/Dicas-essenciais-para-empresas-1-300x198.png 300w\" sizes=\"(max-width: 353px) 100vw, 353px\" \/><\/div><\/a>\n\t\t\t\t<div class=\"elementor-post__badge\">Geral<\/div>\n\t\t\t\t<div class=\"elementor-post__text\">\n\t\t\t\t<h3 class=\"elementor-post__title\">\n\t\t\t<a href=\"https:\/\/www.grupoequipe.com.br\/blog\/828-2\/\" >\n\t\t\t\tComo montar uma equipe de sucesso: Dicas essenciais para empresas\t\t\t<\/a>\n\t\t<\/h3>\n\t\t\t\t<div class=\"elementor-post__excerpt\">\n\t\t\t<p>Montar uma equipe de sucesso \u00e9 um dos pilares fundamentais para o crescimento e a sustentabilidade de qualquer neg\u00f3cio. No Grupo Equipe, sabemos que encontrar<\/p>\n\t\t<\/div>\n\t\t\t\t\t<a class=\"elementor-post__read-more\" href=\"https:\/\/www.grupoequipe.com.br\/blog\/828-2\/\" >\n\t\t\t\tSaiba mais \u00bb\t\t\t<\/a>\n\t\t\t\t<\/div>\n\t\t\t\t<div class=\"elementor-post__meta-data\">\n\t\t\t\t\t<span class=\"elementor-post-date\">\n\t\t\t9 de Setembro, 2024\t\t<\/span>\n\t\t\t\t<span class=\"elementor-post-avatar\">\n\t\t\tSem coment\u00e1rios\t\t<\/span>\n\t\t\t\t<\/div>\n\t\t\t\t\t<\/div>\n\t\t<\/article>\n\t\t\t\t<article class=\"elementor-post elementor-grid-item post-790 post type-post status-publish format-standard has-post-thumbnail hentry category-geral\">\n\t\t\t<div class=\"elementor-post__card\">\n\t\t\t\t<a class=\"elementor-post__thumbnail__link\" href=\"https:\/\/www.grupoequipe.com.br\/blog\/dia-do-psicologo-2\/\" ><div class=\"elementor-post__thumbnail\"><img loading=\"lazy\" decoding=\"async\" width=\"1080\" height=\"1080\" src=\"https:\/\/www.grupoequipe.com.br\/blog\/wp-content\/uploads\/2024\/08\/Dia-do-Psicologo.png\" class=\"attachment-full size-full wp-image-787\" alt=\"\" srcset=\"https:\/\/www.grupoequipe.com.br\/blog\/wp-content\/uploads\/2024\/08\/Dia-do-Psicologo.png 1080w, https:\/\/www.grupoequipe.com.br\/blog\/wp-content\/uploads\/2024\/08\/Dia-do-Psicologo-300x300.png 300w, https:\/\/www.grupoequipe.com.br\/blog\/wp-content\/uploads\/2024\/08\/Dia-do-Psicologo-1024x1024.png 1024w, https:\/\/www.grupoequipe.com.br\/blog\/wp-content\/uploads\/2024\/08\/Dia-do-Psicologo-150x150.png 150w, https:\/\/www.grupoequipe.com.br\/blog\/wp-content\/uploads\/2024\/08\/Dia-do-Psicologo-768x768.png 768w\" sizes=\"(max-width: 1080px) 100vw, 1080px\" \/><\/div><\/a>\n\t\t\t\t<div class=\"elementor-post__badge\">Geral<\/div>\n\t\t\t\t<div class=\"elementor-post__text\">\n\t\t\t\t<h3 class=\"elementor-post__title\">\n\t\t\t<a href=\"https:\/\/www.grupoequipe.com.br\/blog\/dia-do-psicologo-2\/\" >\n\t\t\t\tDia do Psic\u00f3logo !!!\t\t\t<\/a>\n\t\t<\/h3>\n\t\t\t\t<div class=\"elementor-post__excerpt\">\n\t\t\t<p>Feliz dia do psic\u00f3logo! O nosso muito obrigado a quem domina a arte de ouvir, compreender e auxiliar o outro a suavizar seu entendimento na<\/p>\n\t\t<\/div>\n\t\t\t\t\t<a class=\"elementor-post__read-more\" href=\"https:\/\/www.grupoequipe.com.br\/blog\/dia-do-psicologo-2\/\" >\n\t\t\t\tSaiba mais \u00bb\t\t\t<\/a>\n\t\t\t\t<\/div>\n\t\t\t\t<div class=\"elementor-post__meta-data\">\n\t\t\t\t\t<span class=\"elementor-post-date\">\n\t\t\t27 de Agosto, 2024\t\t<\/span>\n\t\t\t\t<span class=\"elementor-post-avatar\">\n\t\t\tSem coment\u00e1rios\t\t<\/span>\n\t\t\t\t<\/div>\n\t\t\t\t\t<\/div>\n\t\t<\/article>\n\t\t\t\t<\/div>\n\n\n\t\t\n\t\t\t\t<div class=\"e-load-more-anchor\" data-page=\"1\" data-max-page=\"14\" data-next-page=\"https:\/\/www.grupoequipe.com.br\/blog\/wp-json\/wp\/v2\/pages\/288\/page\/2\/\"><\/div>\n\t\t\t\t<nav class=\"elementor-pagination\" role=\"navigation\" aria-label=\"Pagination\">\n\t\t\t<span aria-current=\"page\" class=\"page-numbers current\"><span class=\"elementor-screen-only\">Page<\/span>1<\/span>\n<a class=\"page-numbers\" href=\"https:\/\/www.grupoequipe.com.br\/blog\/wp-json\/wp\/v2\/pages\/288\/page\/2\/\"><span class=\"elementor-screen-only\">Page<\/span>2<\/a>\n<a class=\"page-numbers\" href=\"https:\/\/www.grupoequipe.com.br\/blog\/wp-json\/wp\/v2\/pages\/288\/page\/3\/\"><span class=\"elementor-screen-only\">Page<\/span>3<\/a>\n<a class=\"page-numbers\" href=\"https:\/\/www.grupoequipe.com.br\/blog\/wp-json\/wp\/v2\/pages\/288\/page\/4\/\"><span class=\"elementor-screen-only\">Page<\/span>4<\/a>\n<a class=\"page-numbers\" href=\"https:\/\/www.grupoequipe.com.br\/blog\/wp-json\/wp\/v2\/pages\/288\/page\/5\/\"><span class=\"elementor-screen-only\">Page<\/span>5<\/a>\t\t<\/nav>\n\t\t\t\t\t\t<\/div>\n\t\t\t\t<\/div>\n\t\t\t\t\t<\/div>\n\t\t<\/div>\n\t\t\t\t\t<\/div>\n\t\t<\/section>\n\t\t\t\t<\/div>\n\t\t","protected":false},"excerpt":{"rendered":"<p>BLOG GRUPO EQUIPE<\/p>\n","protected":false},"author":1,"featured_media":0,"parent":0,"menu_order":0,"comment_status":"closed","ping_status":"closed","template":"","meta":{"inline_featured_image":false,"footnotes":""},"class_list":["post-288","page","type-page","status-publish","hentry"],"_links":{"self":[{"href":"https:\/\/www.grupoequipe.com.br\/blog\/wp-json\/wp\/v2\/pages\/288","targetHints":{"allow":["GET"]}}],"collection":[{"href":"https:\/\/www.grupoequipe.com.br\/blog\/wp-json\/wp\/v2\/pages"}],"about":[{"href":"https:\/\/www.grupoequipe.com.br\/blog\/wp-json\/wp\/v2\/types\/page"}],"author":[{"embeddable":true,"href":"https:\/\/www.grupoequipe.com.br\/blog\/wp-json\/wp\/v2\/users\/1"}],"replies":[{"embeddable":true,"href":"https:\/\/www.grupoequipe.com.br\/blog\/wp-json\/wp\/v2\/comments?post=288"}],"version-history":[{"count":0,"href":"https:\/\/www.grupoequipe.com.br\/blog\/wp-json\/wp\/v2\/pages\/288\/revisions"}],"wp:attachment":[{"href":"https:\/\/www.grupoequipe.com.br\/blog\/wp-json\/wp\/v2\/media?parent=288"}],"curies":[{"name":"wp","href":"https:\/\/api.w.org\/{rel}","templated":true}]}}